{"id":80,"date":"2024-01-10T11:00:04","date_gmt":"2024-01-10T10:00:04","guid":{"rendered":"https:\/\/www.wookmama.co\/fr\/?page_id=80"},"modified":"2026-01-30T17:35:13","modified_gmt":"2026-01-30T16:35:13","slug":"accueil","status":"publish","type":"page","link":"https:\/\/www.wookmama.co\/fr\/","title":{"rendered":"Accueil"},"content":{"rendered":"<h1>Wookmama Design Studio.<\/h1>\n<h2>Nous cr\u00e9ons pour le <a href=\"https:\/\/www.wookmama.co\/fr\/services\">subconscient<\/a>.<\/h2>\n","protected":false},"excerpt":{"rendered":"<p>Wookmama Design Studio. Nous cr\u00e9ons pour le subconscient.<\/p>\n","protected":false},"author":1,"featured_media":0,"parent":0,"menu_order":1,"comment_status":"closed","ping_status":"open","template":"page-home.php","meta":{"inline_featured_image":false,"footnotes":""},"class_list":["post-80","page","type-page","status-publish","hentry"],"acf":[],"yoast_head":"<!-- This site is optimized with the Yoast SEO plugin v26.8 - https:\/\/yoast.com\/product\/yoast-seo-wordpress\/ -->\n<title>Accueil - Wookmama<\/title>\n<meta name=\"description\" content=\"Studio de design prim\u00e9 et sp\u00e9cialis\u00e9 en identit\u00e9 visuelle, exp\u00e9riences digitales et communication graphique, situ\u00e9 pr\u00e8s de Lille, hauts-de-France.\" \/>\n<meta name=\"robots\" content=\"index, follow, max-snippet:-1, max-image-preview:large, max-video-preview:-1\" \/>\n<link rel=\"canonical\" href=\"https:\/\/www.wookmama.co\/fr\/\" \/>\n<meta property=\"og:locale\" content=\"fr_FR\" \/>\n<meta property=\"og:type\" content=\"article\" \/>\n<meta property=\"og:title\" content=\"Accueil - Wookmama\" \/>\n<meta property=\"og:description\" content=\"Studio de design prim\u00e9 et sp\u00e9cialis\u00e9 en identit\u00e9 visuelle, exp\u00e9riences digitales et communication graphique, situ\u00e9 pr\u00e8s de Lille, hauts-de-France.\" \/>\n<meta property=\"og:url\" content=\"https:\/\/www.wookmama.co\/fr\/\" \/>\n<meta property=\"og:site_name\" content=\"Wookmama\" \/>\n<meta property=\"article:modified_time\" content=\"2026-01-30T16:35:13+00:00\" \/>\n<meta name=\"twitter:card\" content=\"summary_large_image\" \/>\n<meta name=\"twitter:label1\" content=\"Dur\u00e9e de lecture estim\u00e9e\" \/>\n\t<meta name=\"twitter:data1\" content=\"1 minute\" \/>\n<script type=\"application\/ld+json\" class=\"yoast-schema-graph\">{\"@context\":\"https:\/\/schema.org\",\"@graph\":[{\"@type\":\"WebPage\",\"@id\":\"https:\/\/www.wookmama.co\/fr\/\",\"url\":\"https:\/\/www.wookmama.co\/fr\/\",\"name\":\"Accueil - Wookmama\",\"isPartOf\":{\"@id\":\"https:\/\/www.wookmama.co\/#website\"},\"datePublished\":\"2024-01-10T10:00:04+00:00\",\"dateModified\":\"2026-01-30T16:35:13+00:00\",\"description\":\"Studio de design prim\u00e9 et sp\u00e9cialis\u00e9 en identit\u00e9 visuelle, exp\u00e9riences digitales et communication graphique, situ\u00e9 pr\u00e8s de Lille, hauts-de-France.\",\"inLanguage\":\"fr-FR\",\"potentialAction\":[{\"@type\":\"ReadAction\",\"target\":[\"https:\/\/www.wookmama.co\/fr\/\"]}]},{\"@type\":\"WebSite\",\"@id\":\"https:\/\/www.wookmama.co\/#website\",\"url\":\"https:\/\/www.wookmama.co\/\",\"name\":\"Wookmama\",\"description\":\"Design Studio\",\"publisher\":{\"@id\":\"https:\/\/www.wookmama.co\/#organization\"},\"potentialAction\":[{\"@type\":\"SearchAction\",\"target\":{\"@type\":\"EntryPoint\",\"urlTemplate\":\"https:\/\/www.wookmama.co\/?s={search_term_string}\"},\"query-input\":{\"@type\":\"PropertyValueSpecification\",\"valueRequired\":true,\"valueName\":\"search_term_string\"}}],\"inLanguage\":\"fr-FR\"},{\"@type\":\"Organization\",\"@id\":\"https:\/\/www.wookmama.co\/#organization\",\"name\":\"Wookmama\",\"url\":\"https:\/\/www.wookmama.co\/\",\"logo\":{\"@type\":\"ImageObject\",\"inLanguage\":\"fr-FR\",\"@id\":\"https:\/\/www.wookmama.co\/#\/schema\/logo\/image\/\",\"url\":\"https:\/\/www.wookmama.co\/wp-content\/uploads\/2024\/02\/wookmama-identity-thumb-01.jpg\",\"contentUrl\":\"https:\/\/www.wookmama.co\/wp-content\/uploads\/2024\/02\/wookmama-identity-thumb-01.jpg\",\"width\":800,\"height\":800,\"caption\":\"Wookmama\"},\"image\":{\"@id\":\"https:\/\/www.wookmama.co\/#\/schema\/logo\/image\/\"}}]}<\/script>\n<!-- \/ Yoast SEO plugin. -->","yoast_head_json":{"title":"Accueil - Wookmama","description":"Studio de design prim\u00e9 et sp\u00e9cialis\u00e9 en identit\u00e9 visuelle, exp\u00e9riences digitales et communication graphique, situ\u00e9 pr\u00e8s de Lille, hauts-de-France.","robots":{"index":"index","follow":"follow","max-snippet":"max-snippet:-1","max-image-preview":"max-image-preview:large","max-video-preview":"max-video-preview:-1"},"canonical":"https:\/\/www.wookmama.co\/fr\/","og_locale":"fr_FR","og_type":"article","og_title":"Accueil - Wookmama","og_description":"Studio de design prim\u00e9 et sp\u00e9cialis\u00e9 en identit\u00e9 visuelle, exp\u00e9riences digitales et communication graphique, situ\u00e9 pr\u00e8s de Lille, hauts-de-France.","og_url":"https:\/\/www.wookmama.co\/fr\/","og_site_name":"Wookmama","article_modified_time":"2026-01-30T16:35:13+00:00","twitter_card":"summary_large_image","twitter_misc":{"Dur\u00e9e de lecture estim\u00e9e":"1 minute"},"schema":{"@context":"https:\/\/schema.org","@graph":[{"@type":"WebPage","@id":"https:\/\/www.wookmama.co\/fr\/","url":"https:\/\/www.wookmama.co\/fr\/","name":"Accueil - Wookmama","isPartOf":{"@id":"https:\/\/www.wookmama.co\/#website"},"datePublished":"2024-01-10T10:00:04+00:00","dateModified":"2026-01-30T16:35:13+00:00","description":"Studio de design prim\u00e9 et sp\u00e9cialis\u00e9 en identit\u00e9 visuelle, exp\u00e9riences digitales et communication graphique, situ\u00e9 pr\u00e8s de Lille, hauts-de-France.","inLanguage":"fr-FR","potentialAction":[{"@type":"ReadAction","target":["https:\/\/www.wookmama.co\/fr\/"]}]},{"@type":"WebSite","@id":"https:\/\/www.wookmama.co\/#website","url":"https:\/\/www.wookmama.co\/","name":"Wookmama","description":"Design Studio","publisher":{"@id":"https:\/\/www.wookmama.co\/#organization"},"potentialAction":[{"@type":"SearchAction","target":{"@type":"EntryPoint","urlTemplate":"https:\/\/www.wookmama.co\/?s={search_term_string}"},"query-input":{"@type":"PropertyValueSpecification","valueRequired":true,"valueName":"search_term_string"}}],"inLanguage":"fr-FR"},{"@type":"Organization","@id":"https:\/\/www.wookmama.co\/#organization","name":"Wookmama","url":"https:\/\/www.wookmama.co\/","logo":{"@type":"ImageObject","inLanguage":"fr-FR","@id":"https:\/\/www.wookmama.co\/#\/schema\/logo\/image\/","url":"https:\/\/www.wookmama.co\/wp-content\/uploads\/2024\/02\/wookmama-identity-thumb-01.jpg","contentUrl":"https:\/\/www.wookmama.co\/wp-content\/uploads\/2024\/02\/wookmama-identity-thumb-01.jpg","width":800,"height":800,"caption":"Wookmama"},"image":{"@id":"https:\/\/www.wookmama.co\/#\/schema\/logo\/image\/"}}]}},"_links":{"self":[{"href":"https:\/\/www.wookmama.co\/fr\/wp-json\/wp\/v2\/pages\/80","targetHints":{"allow":["GET"]}}],"collection":[{"href":"https:\/\/www.wookmama.co\/fr\/wp-json\/wp\/v2\/pages"}],"about":[{"href":"https:\/\/www.wookmama.co\/fr\/wp-json\/wp\/v2\/types\/page"}],"author":[{"embeddable":true,"href":"https:\/\/www.wookmama.co\/fr\/wp-json\/wp\/v2\/users\/1"}],"replies":[{"embeddable":true,"href":"https:\/\/www.wookmama.co\/fr\/wp-json\/wp\/v2\/comments?post=80"}],"version-history":[{"count":22,"href":"https:\/\/www.wookmama.co\/fr\/wp-json\/wp\/v2\/pages\/80\/revisions"}],"predecessor-version":[{"id":1962,"href":"https:\/\/www.wookmama.co\/fr\/wp-json\/wp\/v2\/pages\/80\/revisions\/1962"}],"wp:attachment":[{"href":"https:\/\/www.wookmama.co\/fr\/wp-json\/wp\/v2\/media?parent=80"}],"curies":[{"name":"wp","href":"https:\/\/api.w.org\/{rel}","templated":true}]}}